{"id":107,"date":"2026-05-16T04:44:31","date_gmt":"2026-05-16T04:44:31","guid":{"rendered":"https:\/\/diennuoc247.vn\/?post_type=product&#038;p=107"},"modified":"2026-05-16T04:44:31","modified_gmt":"2026-05-16T04:44:31","slug":"den-led-duc-f5","status":"publish","type":"product","link":"http:\/\/diennuoc247.vn\/index.php\/san-pham\/den-led-duc-f5\/","title":{"rendered":"\u0110\u00e8n Led \u0110\u00fac F5"},"content":{"rendered":"","protected":false},"excerpt":{"rendered":"","protected":false},"featured_media":98,"comment_status":"open","ping_status":"closed","template":"","meta":[],"product_brand":[],"product_cat":[22],"product_tag":[],"class_list":{"0":"post-107","1":"product","2":"type-product","3":"status-publish","4":"has-post-thumbnail","6":"product_cat-chua-phan-loai","8":"first","9":"instock","10":"shipping-taxable","11":"product-type-simple"},"yoast_head":"<!-- This site is optimized with the Yoast SEO plugin v27.6 - https:\/\/yoast.com\/product\/yoast-seo-wordpress\/ -->\n<title>\u0110\u00e8n Led \u0110\u00fac F5 - \u0110i\u1ec7n N\u01b0\u1edbc 247<\/title>\n<meta name=\"robots\" content=\"index, follow, max-snippet:-1, max-image-preview:large, max-video-preview:-1\" \/>\n<link rel=\"canonical\" href=\"https:\/\/diennuoc247.vn\/index.php\/san-pham\/den-led-duc-f5\/\" \/>\n<meta property=\"og:locale\" content=\"vi_VN\" \/>\n<meta property=\"og:type\" content=\"article\" \/>\n<meta property=\"og:title\" content=\"\u0110\u00e8n Led \u0110\u00fac F5 - \u0110i\u1ec7n N\u01b0\u1edbc 247\" \/>\n<meta property=\"og:url\" content=\"https:\/\/diennuoc247.vn\/index.php\/san-pham\/den-led-duc-f5\/\" \/>\n<meta property=\"og:site_name\" content=\"\u0110i\u1ec7n N\u01b0\u1edbc 247\" \/>\n<meta property=\"og:image\" content=\"https:\/\/diennuoc247.vn\/wp-content\/uploads\/2026\/05\/z6404180353921_6c778f285b51943d223e9dc12ad4a56e-scaled.jpg\" \/>\n\t<meta property=\"og:image:width\" content=\"2560\" \/>\n\t<meta property=\"og:image:height\" content=\"1920\" \/>\n\t<meta property=\"og:image:type\" content=\"image\/jpeg\" \/>\n<meta name=\"twitter:card\" content=\"summary_large_image\" \/>\n<meta name=\"twitter:label1\" content=\"\u01af\u1edbc t\u00ednh th\u1eddi gian \u0111\u1ecdc\" \/>\n\t<meta name=\"twitter:data1\" content=\"1 ph\u00fat\" \/>\n<script type=\"application\/ld+json\" class=\"yoast-schema-graph\">{\"@context\":\"https:\\\/\\\/schema.org\",\"@graph\":[{\"@type\":\"WebPage\",\"@id\":\"https:\\\/\\\/diennuoc247.vn\\\/index.php\\\/san-pham\\\/den-led-duc-f5\\\/\",\"url\":\"https:\\\/\\\/diennuoc247.vn\\\/index.php\\\/san-pham\\\/den-led-duc-f5\\\/\",\"name\":\"\u0110\u00e8n Led \u0110\u00fac F5 - \u0110i\u1ec7n N\u01b0\u1edbc 247\",\"isPartOf\":{\"@id\":\"https:\\\/\\\/diennuoc247.vn\\\/#website\"},\"primaryImageOfPage\":{\"@id\":\"https:\\\/\\\/diennuoc247.vn\\\/index.php\\\/san-pham\\\/den-led-duc-f5\\\/#primaryimage\"},\"image\":{\"@id\":\"https:\\\/\\\/diennuoc247.vn\\\/index.php\\\/san-pham\\\/den-led-duc-f5\\\/#primaryimage\"},\"thumbnailUrl\":\"http:\\\/\\\/diennuoc247.vn\\\/wp-content\\\/uploads\\\/2026\\\/05\\\/z6404180353921_6c778f285b51943d223e9dc12ad4a56e-scaled.jpg\",\"datePublished\":\"2026-05-16T04:44:31+00:00\",\"breadcrumb\":{\"@id\":\"https:\\\/\\\/diennuoc247.vn\\\/index.php\\\/san-pham\\\/den-led-duc-f5\\\/#breadcrumb\"},\"inLanguage\":\"vi\",\"potentialAction\":[{\"@type\":\"ReadAction\",\"target\":[\"https:\\\/\\\/diennuoc247.vn\\\/index.php\\\/san-pham\\\/den-led-duc-f5\\\/\"]}]},{\"@type\":\"ImageObject\",\"inLanguage\":\"vi\",\"@id\":\"https:\\\/\\\/diennuoc247.vn\\\/index.php\\\/san-pham\\\/den-led-duc-f5\\\/#primaryimage\",\"url\":\"http:\\\/\\\/diennuoc247.vn\\\/wp-content\\\/uploads\\\/2026\\\/05\\\/z6404180353921_6c778f285b51943d223e9dc12ad4a56e-scaled.jpg\",\"contentUrl\":\"http:\\\/\\\/diennuoc247.vn\\\/wp-content\\\/uploads\\\/2026\\\/05\\\/z6404180353921_6c778f285b51943d223e9dc12ad4a56e-scaled.jpg\",\"width\":2560,\"height\":1920},{\"@type\":\"BreadcrumbList\",\"@id\":\"https:\\\/\\\/diennuoc247.vn\\\/index.php\\\/san-pham\\\/den-led-duc-f5\\\/#breadcrumb\",\"itemListElement\":[{\"@type\":\"ListItem\",\"position\":1,\"name\":\"Trang ch\u1ee7\",\"item\":\"https:\\\/\\\/diennuoc247.vn\\\/\"},{\"@type\":\"ListItem\",\"position\":2,\"name\":\"C\u1eeda h\u00e0ng\",\"item\":\"https:\\\/\\\/diennuoc247.vn\\\/index.php\\\/cua-hang\\\/\"},{\"@type\":\"ListItem\",\"position\":3,\"name\":\"\u0110\u00e8n Led \u0110\u00fac F5\"}]},{\"@type\":\"WebSite\",\"@id\":\"https:\\\/\\\/diennuoc247.vn\\\/#website\",\"url\":\"https:\\\/\\\/diennuoc247.vn\\\/\",\"name\":\"\u0110i\u1ec7n N\u01b0\u1edbc 247\",\"description\":\"\",\"publisher\":{\"@id\":\"https:\\\/\\\/diennuoc247.vn\\\/#organization\"},\"potentialAction\":[{\"@type\":\"SearchAction\",\"target\":{\"@type\":\"EntryPoint\",\"urlTemplate\":\"https:\\\/\\\/diennuoc247.vn\\\/?s={search_term_string}\"},\"query-input\":{\"@type\":\"PropertyValueSpecification\",\"valueRequired\":true,\"valueName\":\"search_term_string\"}}],\"inLanguage\":\"vi\"},{\"@type\":\"Organization\",\"@id\":\"https:\\\/\\\/diennuoc247.vn\\\/#organization\",\"name\":\"\u0110i\u1ec7n N\u01b0\u1edbc 247\",\"url\":\"https:\\\/\\\/diennuoc247.vn\\\/\",\"logo\":{\"@type\":\"ImageObject\",\"inLanguage\":\"vi\",\"@id\":\"https:\\\/\\\/diennuoc247.vn\\\/#\\\/schema\\\/logo\\\/image\\\/\",\"url\":\"http:\\\/\\\/diennuoc247.vn\\\/wp-content\\\/uploads\\\/2026\\\/05\\\/cropped-cropped-1HK6H5PQ7_3PRGOK.jpeg\",\"contentUrl\":\"http:\\\/\\\/diennuoc247.vn\\\/wp-content\\\/uploads\\\/2026\\\/05\\\/cropped-cropped-1HK6H5PQ7_3PRGOK.jpeg\",\"width\":434,\"height\":445,\"caption\":\"\u0110i\u1ec7n N\u01b0\u1edbc 247\"},\"image\":{\"@id\":\"https:\\\/\\\/diennuoc247.vn\\\/#\\\/schema\\\/logo\\\/image\\\/\"}}]}<\/script>\n<!-- \/ Yoast SEO plugin. -->","yoast_head_json":{"title":"\u0110\u00e8n Led \u0110\u00fac F5 - \u0110i\u1ec7n N\u01b0\u1edbc 247","robots":{"index":"index","follow":"follow","max-snippet":"max-snippet:-1","max-image-preview":"max-image-preview:large","max-video-preview":"max-video-preview:-1"},"canonical":"https:\/\/diennuoc247.vn\/index.php\/san-pham\/den-led-duc-f5\/","og_locale":"vi_VN","og_type":"article","og_title":"\u0110\u00e8n Led \u0110\u00fac F5 - \u0110i\u1ec7n N\u01b0\u1edbc 247","og_url":"https:\/\/diennuoc247.vn\/index.php\/san-pham\/den-led-duc-f5\/","og_site_name":"\u0110i\u1ec7n N\u01b0\u1edbc 247","og_image":[{"width":2560,"height":1920,"url":"https:\/\/diennuoc247.vn\/wp-content\/uploads\/2026\/05\/z6404180353921_6c778f285b51943d223e9dc12ad4a56e-scaled.jpg","type":"image\/jpeg"}],"twitter_card":"summary_large_image","twitter_misc":{"\u01af\u1edbc t\u00ednh th\u1eddi gian \u0111\u1ecdc":"1 ph\u00fat"},"schema":{"@context":"https:\/\/schema.org","@graph":[{"@type":"WebPage","@id":"https:\/\/diennuoc247.vn\/index.php\/san-pham\/den-led-duc-f5\/","url":"https:\/\/diennuoc247.vn\/index.php\/san-pham\/den-led-duc-f5\/","name":"\u0110\u00e8n Led \u0110\u00fac F5 - \u0110i\u1ec7n N\u01b0\u1edbc 247","isPartOf":{"@id":"https:\/\/diennuoc247.vn\/#website"},"primaryImageOfPage":{"@id":"https:\/\/diennuoc247.vn\/index.php\/san-pham\/den-led-duc-f5\/#primaryimage"},"image":{"@id":"https:\/\/diennuoc247.vn\/index.php\/san-pham\/den-led-duc-f5\/#primaryimage"},"thumbnailUrl":"http:\/\/diennuoc247.vn\/wp-content\/uploads\/2026\/05\/z6404180353921_6c778f285b51943d223e9dc12ad4a56e-scaled.jpg","datePublished":"2026-05-16T04:44:31+00:00","breadcrumb":{"@id":"https:\/\/diennuoc247.vn\/index.php\/san-pham\/den-led-duc-f5\/#breadcrumb"},"inLanguage":"vi","potentialAction":[{"@type":"ReadAction","target":["https:\/\/diennuoc247.vn\/index.php\/san-pham\/den-led-duc-f5\/"]}]},{"@type":"ImageObject","inLanguage":"vi","@id":"https:\/\/diennuoc247.vn\/index.php\/san-pham\/den-led-duc-f5\/#primaryimage","url":"http:\/\/diennuoc247.vn\/wp-content\/uploads\/2026\/05\/z6404180353921_6c778f285b51943d223e9dc12ad4a56e-scaled.jpg","contentUrl":"http:\/\/diennuoc247.vn\/wp-content\/uploads\/2026\/05\/z6404180353921_6c778f285b51943d223e9dc12ad4a56e-scaled.jpg","width":2560,"height":1920},{"@type":"BreadcrumbList","@id":"https:\/\/diennuoc247.vn\/index.php\/san-pham\/den-led-duc-f5\/#breadcrumb","itemListElement":[{"@type":"ListItem","position":1,"name":"Trang ch\u1ee7","item":"https:\/\/diennuoc247.vn\/"},{"@type":"ListItem","position":2,"name":"C\u1eeda h\u00e0ng","item":"https:\/\/diennuoc247.vn\/index.php\/cua-hang\/"},{"@type":"ListItem","position":3,"name":"\u0110\u00e8n Led \u0110\u00fac F5"}]},{"@type":"WebSite","@id":"https:\/\/diennuoc247.vn\/#website","url":"https:\/\/diennuoc247.vn\/","name":"\u0110i\u1ec7n N\u01b0\u1edbc 247","description":"","publisher":{"@id":"https:\/\/diennuoc247.vn\/#organization"},"potentialAction":[{"@type":"SearchAction","target":{"@type":"EntryPoint","urlTemplate":"https:\/\/diennuoc247.vn\/?s={search_term_string}"},"query-input":{"@type":"PropertyValueSpecification","valueRequired":true,"valueName":"search_term_string"}}],"inLanguage":"vi"},{"@type":"Organization","@id":"https:\/\/diennuoc247.vn\/#organization","name":"\u0110i\u1ec7n N\u01b0\u1edbc 247","url":"https:\/\/diennuoc247.vn\/","logo":{"@type":"ImageObject","inLanguage":"vi","@id":"https:\/\/diennuoc247.vn\/#\/schema\/logo\/image\/","url":"http:\/\/diennuoc247.vn\/wp-content\/uploads\/2026\/05\/cropped-cropped-1HK6H5PQ7_3PRGOK.jpeg","contentUrl":"http:\/\/diennuoc247.vn\/wp-content\/uploads\/2026\/05\/cropped-cropped-1HK6H5PQ7_3PRGOK.jpeg","width":434,"height":445,"caption":"\u0110i\u1ec7n N\u01b0\u1edbc 247"},"image":{"@id":"https:\/\/diennuoc247.vn\/#\/schema\/logo\/image\/"}}]}},"_links":{"self":[{"href":"http:\/\/diennuoc247.vn\/index.php\/wp-json\/wp\/v2\/product\/107","targetHints":{"allow":["GET"]}}],"collection":[{"href":"http:\/\/diennuoc247.vn\/index.php\/wp-json\/wp\/v2\/product"}],"about":[{"href":"http:\/\/diennuoc247.vn\/index.php\/wp-json\/wp\/v2\/types\/product"}],"replies":[{"embeddable":true,"href":"http:\/\/diennuoc247.vn\/index.php\/wp-json\/wp\/v2\/comments?post=107"}],"wp:featuredmedia":[{"embeddable":true,"href":"http:\/\/diennuoc247.vn\/index.php\/wp-json\/wp\/v2\/media\/98"}],"wp:attachment":[{"href":"http:\/\/diennuoc247.vn\/index.php\/wp-json\/wp\/v2\/media?parent=107"}],"wp:term":[{"taxonomy":"product_brand","embeddable":true,"href":"http:\/\/diennuoc247.vn\/index.php\/wp-json\/wp\/v2\/product_brand?post=107"},{"taxonomy":"product_cat","embeddable":true,"href":"http:\/\/diennuoc247.vn\/index.php\/wp-json\/wp\/v2\/product_cat?post=107"},{"taxonomy":"product_tag","embeddable":true,"href":"http:\/\/diennuoc247.vn\/index.php\/wp-json\/wp\/v2\/product_tag?post=107"}],"curies":[{"name":"wp","href":"https:\/\/api.w.org\/{rel}","templated":true}]}}